{"id":8211,"date":"2021-06-19T01:17:41","date_gmt":"2021-06-19T01:17:41","guid":{"rendered":"https:\/\/shieldnutra.com\/?page_id=8211"},"modified":"2025-07-28T12:00:33","modified_gmt":"2025-07-28T16:00:33","slug":"wholesale","status":"publish","type":"page","link":"https:\/\/shieldnutra.com\/es\/wholesale\/","title":{"rendered":"Help People &#8211; Make Your Life Easier &#8211; Make Money"},"content":{"rendered":"<div data-elementor-type=\"wp-page\" data-elementor-id=\"8211\" class=\"elementor elementor-8211\" data-elementor-post-type=\"page\">\n\t\t\t\t<div class=\"elementor-element elementor-element-2ef5b9e9 e-flex e-con-boxed default-style wpr-particle-no wpr-jarallax-no wpr-parallax-no wpr-sticky-section-no e-con e-parent\" data-id=\"2ef5b9e9\" data-element_type=\"container\" data-e-type=\"container\" data-settings=\"{&quot;rt_color_sets&quot;:&quot;default-style&quot;}\">\n\t\t\t\t\t<div class=\"e-con-inner\">\n\t\t\t\t<div class=\"elementor-element elementor-element-2ffa4ac7 elementor-widget elementor-widget-text-editor\" data-id=\"2ffa4ac7\" data-element_type=\"widget\" data-e-type=\"widget\" data-widget_type=\"text-editor.default\">\n\t\t\t\t<div class=\"elementor-widget-container\">\n\t\t\t\t\t\t\t\t\t<h2 class=\"fusion-responsive-typography-calculated\" data-fontsize=\"34\" data-lineheight=\"42.5px\"><strong>Selling DigestShield\u00ae Wholesale<\/strong><\/h2><p>As\u00f3ciese con Shield Nutraceuticals y ayude a sus pacientes\/clientes a alcanzar el bienestar digestivo.<\/p><p><span style=\"font-size: revert; color: initial;\">If you have a brick-and-mortar business such as a pharmacy, medical practice, or natural foods market, you may apply to sell DigestShield\u00ae as a wholesale account. (You will be asked to provide your Tax ID number in order to avoid paying tax.) Simply go to our Wholesale Application form and fill out the required information. <a href=\"http:\/\/shieldnutra.com\/es\/wholesale-application\/\">http:\/\/shieldnutra.com\/wholesale-application\/<\/a><\/span><\/p><div class=\"kvgmc6g5 cxmmr5t8 oygrvhab hcukyx3x c1et5uql ii04i59q\"><div dir=\"auto\"><p>There are a couple of rules governing Wholesale accounts.<\/p><ol><li>You agree to sell DigestShield\u00ae only at your retail location(s) or online at your company website. Please do not sell DigestShield\u00ae on any major retail marketplace such as Amazon, eBay, Bonanza, Etsy, or Wal-Mart.com.<\/li><li>You agree to observe our MAPP (Minimum Advertised Pricing Policy) of $39.95 at all times and at all locations, on and offline. We suggest that you sell DigestShield\u00ae for the MSRP* of $39.95 online and at your brick-and-mortar location. We have price-point tested during this past year and we have found that trying to sell it for a higher price will adversely affect sales.<\/li><\/ol><p>*MSRP stands for Manufacturer&#8217;s Suggested Retail Price. The key difference between MSRP and MAP is that <b>MSRP is the actual price manufacturers set and recommend retailers charge for their goods<\/b> while <strong>MAP is the Minimum Advertised Price<\/strong>. While MAP acts as the lower limit for a product&#8217;s pricing, MSRP acts as the upper limit.<\/p><div dir=\"auto\">This is a great-selling digestive aid that will be a great addition to your current product offerings. Order any number of cases &#8211; <strong>Shipping is FREE!<\/strong><\/div><div dir=\"auto\">\u00a0<\/div><\/div><div dir=\"auto\">\u00a0<\/div><div dir=\"auto\">DigestShield\u00aeis an all-in-one digestive aid containing 20 enzymes, 5 prebiotics and 11 probiotics. This means one is protected no matter what is eaten, and gets the most nutrition from one&#8217;s food \u2013 even fast food!<\/div><div dir=\"auto\">\u00a0<\/div><\/div><div class=\"o9v6fnle cxmmr5t8 oygrvhab hcukyx3x c1et5uql ii04i59q\"><div dir=\"auto\">DigestShield\u00ae breaks down gluten, gliadin, dairy, carbohydrates, fat, and protein, plus re-tunes the gut to help you get back to feeling great.<\/div><\/div><div dir=\"auto\">\u00a0<\/div><p>Se vende en farmacias, tiendas de alimentos saludables, consultorios quiropr\u00e1cticos, pr\u00e1cticas de terapia de masaje y pr\u00e1cticas de medicina integrativa.<br \/>Se vende en l\u00ednea en Amazon.com, SmartWorld.shop y aqu\u00ed en Shieldnutra.com<\/p>\t\t\t\t\t\t\t\t<\/div>\n\t\t\t\t<\/div>\n\t\t\t\t\t<\/div>\n\t\t\t\t<\/div>\n\t\t\t\t<\/div>","protected":false},"excerpt":{"rendered":"<p>Selling DigestShield\u00ae Wholesale Partner with Shield Nutraceuticals and help your patients\/clients achieve digestive wellness. If you have a brick-and-mortar business such as a pharmacy, medical practice, or natural foods market, you may apply to sell DigestShield\u00ae as a wholesale account. (You will be asked to provide your Tax ID number in order to avoid paying tax.) Simply go to our Wholesale Application form and fill out the required information. http:\/\/shieldnutra.com\/wholesale-application\/ There are a couple of rules governing Wholesale accounts. You agree to sell DigestShield\u00ae only at your retail location(s) or online at your company website. Please do not sell DigestShield\u00ae on any major retail marketplace such as Amazon, eBay, Bonanza, Etsy, or Wal-Mart.com. You agree to observe our MAPP (Minimum Advertised Pricing Policy) of $39.95 at all times and at all locations, on and offline. We suggest that you sell DigestShield\u00ae for the MSRP* of $39.95 online and at your brick-and-mortar location. We have price-point tested during this past year and we have found that trying to sell it for a higher price will adversely affect sales. *MSRP stands for Manufacturer&#8217;s Suggested Retail Price. The key difference between MSRP and MAP is that MSRP is the actual price manufacturers set and recommend retailers charge for their goods while MAP is the Minimum Advertised Price. While MAP acts as the lower limit for a product&#8217;s pricing, MSRP acts as the upper limit. This is a great-selling digestive aid that will be a great addition to your current product offerings. Order any number of cases &#8211; Shipping is FREE!\u00a0\u00a0DigestShield\u00aeis an all-in-one digestive aid containing 20 enzymes, 5 prebiotics and 11 probiotics. This means one is protected no matter what is eaten, and gets the most nutrition from one&#8217;s food \u2013 even fast food!\u00a0DigestShield\u00ae breaks down gluten, gliadin, dairy, carbohydrates, fat, and protein, plus re-tunes the gut to help you get back to feeling great.\u00a0 Sold in Pharmacies, Health Food Stores, Chiropractic offices, Massage Therapy practices, and Integrative Medicine practices.Sold online at Amazon.com, SmartWorld.shop, and here at Shieldnutra.com<\/p>","protected":false},"author":1,"featured_media":0,"parent":0,"menu_order":32,"comment_status":"closed","ping_status":"closed","template":"","meta":{"jetpack_post_was_ever_published":false,"_metasync_otto_title":"Wholesale DigestShield\u00ae: Partner with Shield Nutraceuticals","_metasync_otto_description":"Shield Nutraceuticals: Apply for wholesale accounts and offer DigestShield\u00ae in your pharmacy or medical practice. Start boosting your business today!","_metasync_otto_keywords":"wholesale nutraceuticals, DigestShield wholesale, pharmacy supply, medical practice products, wholesale application process, bulk purchasing nutraceuticals, partnership opportunities, nutritional products for businesses","_metasync_otto_og_title":"Become a Wholesale Partner with Shield Nutraceuticals Today","_metasync_otto_og_description":"Apply now to sell DigestShield\u00ae wholesale in your pharmacy!","_metasync_otto_twitter_title":"Boost Your Business with DigestShield\u00ae Wholesale! #Wholesale","_metasync_otto_twitter_description":"Are you a brick-and-mortar business? Explore wholesale opportunities to sell DigestShield\u00ae today! #Nutraceuticals","rank_math_title":"","rank_math_description":"If you have a brick-and-mortar business such as a pharmacy, medical practice, or natural foods market you may apply to sell DigestShield\u00ae as a wholesale account","_yoast_wpseo_title":"","_yoast_wpseo_metadesc":"","_aioseo_title":null,"_aioseo_description":"If you have a brick-and-mortar business such as a pharmacy, medical practice, or natural foods market you may apply to sell DigestShield\u00ae as a wholesale account","_metasync_seo_title":"","_metasync_seo_desc":"","_metasync_otto_disabled":"","two_page_speed":[],"footnotes":""},"class_list":["post-8211","page","type-page","status-publish","hentry","_wholesalex wsx-wholesalex-product"],"jetpack-related-posts":[],"jetpack_sharing_enabled":true,"_links":{"self":[{"href":"https:\/\/shieldnutra.com\/es\/wp-json\/wp\/v2\/pages\/8211","targetHints":{"allow":["GET"]}}],"collection":[{"href":"https:\/\/shieldnutra.com\/es\/wp-json\/wp\/v2\/pages"}],"about":[{"href":"https:\/\/shieldnutra.com\/es\/wp-json\/wp\/v2\/types\/page"}],"author":[{"embeddable":true,"href":"https:\/\/shieldnutra.com\/es\/wp-json\/wp\/v2\/users\/1"}],"replies":[{"embeddable":true,"href":"https:\/\/shieldnutra.com\/es\/wp-json\/wp\/v2\/comments?post=8211"}],"version-history":[{"count":0,"href":"https:\/\/shieldnutra.com\/es\/wp-json\/wp\/v2\/pages\/8211\/revisions"}],"wp:attachment":[{"href":"https:\/\/shieldnutra.com\/es\/wp-json\/wp\/v2\/media?parent=8211"}],"curies":[{"name":"wp","href":"https:\/\/api.w.org\/{rel}","templated":true}]}}