{"id":5227,"date":"2015-11-24T22:20:43","date_gmt":"2015-11-24T22:20:43","guid":{"rendered":"http:\/\/shieldnutra.com\/?page_id=5227"},"modified":"2025-05-25T07:30:03","modified_gmt":"2025-05-25T11:30:03","slug":"money-back-guarantee","status":"publish","type":"page","link":"https:\/\/shieldnutra.com\/es\/money-back-guarantee\/","title":{"rendered":"Garant\u00eda de Devoluci\u00f3n del 100% del dinero"},"content":{"rendered":"<div data-elementor-type=\"wp-page\" data-elementor-id=\"5227\" class=\"elementor elementor-5227\" data-elementor-post-type=\"page\">\n\t\t\t\t<div class=\"elementor-element elementor-element-2b91e08 e-flex e-con-boxed default-style wpr-particle-no wpr-jarallax-no wpr-parallax-no wpr-sticky-section-no e-con e-parent\" data-id=\"2b91e08\" data-element_type=\"container\" data-e-type=\"container\" data-settings=\"{&quot;rt_color_sets&quot;:&quot;default-style&quot;}\">\n\t\t\t\t\t<div class=\"e-con-inner\">\n\t\t\t\t<div class=\"elementor-element elementor-element-7978242 elementor-widget elementor-widget-text-editor\" data-id=\"7978242\" data-element_type=\"widget\" data-e-type=\"widget\" data-widget_type=\"text-editor.default\">\n\t\t\t\t<div class=\"elementor-widget-container\">\n\t\t\t\t\t\t\t\t\t<h2 style=\"margin: 0px; text-align: center;\">Garant\u00eda de Devoluci\u00f3n del 100% del dinero<\/h2><p><img decoding=\"async\" class=\"aligncenter\" src=\"http:\/\/shieldnutra.com\/wp-content\/uploads\/2015\/11\/100-Guarantee-Green-and-Orange1-300x300.jpg\" alt=\"\" \/><\/p><div style=\"padding-top: 20px; padding-bottom: 20px;\"><span style=\"color: #000000;\"><strong>Nos tomamos muy en serio nuestra responsabilidad con usted y por eso le ofrecemos esta garant\u00eda.<\/strong><\/span><\/div><div style=\"padding-top: 20px; padding-bottom: 20px;\"><span style=\"color: #000000;\"><strong>En primer lugar, garantizamos que DigestShield\u00ae contiene s\u00f3lo lo que se indica en nuestra informaci\u00f3n <span style=\"text-decoration: underline;\"><a style=\"color: #000000; text-decoration: underline;\" href=\"http:\/\/shieldnutra.com\/es\/producto\/digestshield\/\">sobre el suplemento<\/a>.<\/span><\/strong><\/span><\/div><p><span style=\"color: #000000;\"><strong>En segundo lugar, si no est\u00e1 satisfecho por cualquier motivo, simplemente p\u00f3ngase en contacto con nosotros para solicitar un reembolso completo. Siempre ser\u00e1 tratado con cortes\u00eda, prontitud y respeto. Esa es nuestra promesa a todos nuestros clientes. Ofrecemos un reembolso del 100% del precio de compra, incluidos los impuestos aplicables, menos los gastos de env\u00edo.<\/strong><\/span><\/p><p><span style=\"color: #000000;\"><strong>P\u00f3ngase en contacto con nosotros por correo electr\u00f3nico: info@shieldnutra.com\u00a0<\/strong><\/span><\/p><p><span style=\"color: #000000;\"><strong>Ll\u00e1menos al 1-423-202-6145.<\/strong><\/span><\/p>\t\t\t\t\t\t\t\t<\/div>\n\t\t\t\t<\/div>\n\t\t\t\t\t<\/div>\n\t\t\t\t<\/div>\n\t\t\t\t<\/div>","protected":false},"excerpt":{"rendered":"<p>100% Money-Back Guarantee We take our responsibility to you very seriously and offer this guarantee.First, we guarantee that DigestShield\u00ae contains only what is listed in our supplement facts. Second, if you are dissatisfied for any reason, simply contact us to request a full refund. You will always be treated courteously, promptly, and with respect. That is our promise to all of our customers. We offer a 100% refund of the purchase price including applicable taxes, less shipping charges. Reach us via\u00a0email: info@shieldnutra.com\u00a0 Call us at 1-423-202-6145.<\/p>","protected":false},"author":1,"featured_media":0,"parent":0,"menu_order":4,"comment_status":"closed","ping_status":"closed","template":"","meta":{"jetpack_post_was_ever_published":false,"_metasync_otto_title":"Hassle-Free Money-Back Guarantee at Shield Nutraceuticals","_metasync_otto_description":"Money-Back Guarantee: Shop risk-free with Shield Nutraceuticals! Enjoy hassle-free returns and complete satisfaction or your money back.","_metasync_otto_keywords":"money-back guarantee, return policy, customer satisfaction, risk-free shopping, hassle-free returns, Shield Nutraceuticals, product assurance, money-back assurance","_metasync_otto_og_title":"Shop Risk-Free: Explore Our Money-Back Guarantee","_metasync_otto_og_description":"Risk-free shopping with our 100% money-back guarantee!","_metasync_otto_twitter_title":"Shop Risk-Free: Shield Nutraceuticals","_metasync_otto_twitter_description":"Enjoy hassle-free returns with Shield Nutraceuticals! Our 100% Money-Back Guarantee ensures your satisfaction. #CustomerTrust","rank_math_title":"Money-Back Guarantee | Shield Nutraceutical&#039;s DigestShield\u00ae","rank_math_description":"Returns are quick and hassle-free at Shield Nutraceuticals. Our 100% Money-Back Guarantee is there to ensure your satisfaction.\u00a0","_yoast_wpseo_title":"Money-Back Guarantee | Shield Nutraceutical's DigestShield\u00ae","_yoast_wpseo_metadesc":"Returns are quick and hassle-free at Shield Nutraceuticals. Our 100% Money-Back Guarantee is there to ensure your satisfaction.\u00a0","_aioseo_title":"Money-Back Guarantee | Shield Nutraceutical&#039;s DigestShield\u00ae","_aioseo_description":"Returns are quick and hassle-free at Shield Nutraceuticals. Our 100% Money-Back Guarantee is there to ensure your satisfaction.\u00a0","_metasync_seo_title":"","_metasync_seo_desc":"","_metasync_otto_disabled":"","two_page_speed":[],"footnotes":""},"class_list":["post-5227","page","type-page","status-publish","hentry","_wholesalex wsx-wholesalex-product"],"jetpack-related-posts":[],"jetpack_sharing_enabled":true,"_links":{"self":[{"href":"https:\/\/shieldnutra.com\/es\/wp-json\/wp\/v2\/pages\/5227","targetHints":{"allow":["GET"]}}],"collection":[{"href":"https:\/\/shieldnutra.com\/es\/wp-json\/wp\/v2\/pages"}],"about":[{"href":"https:\/\/shieldnutra.com\/es\/wp-json\/wp\/v2\/types\/page"}],"author":[{"embeddable":true,"href":"https:\/\/shieldnutra.com\/es\/wp-json\/wp\/v2\/users\/1"}],"replies":[{"embeddable":true,"href":"https:\/\/shieldnutra.com\/es\/wp-json\/wp\/v2\/comments?post=5227"}],"version-history":[{"count":0,"href":"https:\/\/shieldnutra.com\/es\/wp-json\/wp\/v2\/pages\/5227\/revisions"}],"wp:attachment":[{"href":"https:\/\/shieldnutra.com\/es\/wp-json\/wp\/v2\/media?parent=5227"}],"curies":[{"name":"wp","href":"https:\/\/api.w.org\/{rel}","templated":true}]}}