{"id":4532,"date":"2015-11-09T16:54:39","date_gmt":"2015-11-09T16:54:39","guid":{"rendered":"http:\/\/shieldnutra.com\/?page_id=4532"},"modified":"2026-04-16T12:06:42","modified_gmt":"2026-04-16T16:06:42","slug":"bad-actors","status":"publish","type":"page","link":"https:\/\/shieldnutra.com\/es\/bad-actors\/","title":{"rendered":"Los Malos Actores de Nuestra Dieta"},"content":{"rendered":"<div data-elementor-type=\"wp-page\" data-elementor-id=\"4532\" class=\"elementor elementor-4532\" data-elementor-post-type=\"page\">\n\t\t\t\t\t\t<section class=\"elementor-section elementor-top-section elementor-element elementor-element-4928d25b elementor-section-boxed elementor-section-height-default elementor-section-height-default default-style wpr-particle-no wpr-jarallax-no wpr-parallax-no wpr-sticky-section-no\" data-id=\"4928d25b\" data-element_type=\"section\" data-e-type=\"section\" data-settings=\"{&quot;rt_color_sets&quot;:&quot;default-style&quot;}\">\n\t\t\t\t\t\t<div class=\"elementor-container elementor-column-gap-default\">\n\t\t\t\t\t<div class=\"elementor-column elementor-col-100 elementor-top-column elementor-element elementor-element-4a54c456\" data-id=\"4a54c456\" data-element_type=\"column\" data-e-type=\"column\">\n\t\t\t<div class=\"elementor-widget-wrap elementor-element-populated\">\n\t\t\t\t\t\t<div class=\"elementor-element elementor-element-64a7bd4 elementor-widget elementor-widget-text-editor\" data-id=\"64a7bd4\" data-element_type=\"widget\" data-e-type=\"widget\" data-widget_type=\"text-editor.default\">\n\t\t\t\t<div class=\"elementor-widget-container\">\n\t\t\t\t\t\t\t\t\t<p><p><b>\u00bfQu\u00e9 es el Gluten?<\/b><\/p>\n<p><img fetchpriority=\"high\" decoding=\"async\" class=\"size-medium wp-image-22019 alignleft\" src=\"https:\/\/shieldnutra.com\/wp-content\/uploads\/Bread-with-Wheat-300x204.jpg\" alt=\"\" width=\"300\" height=\"204\" srcset=\"https:\/\/shieldnutra.com\/wp-content\/uploads\/Bread-with-Wheat-300x204.jpg 300w, https:\/\/shieldnutra.com\/wp-content\/uploads\/Bread-with-Wheat-18x12.jpg 18w, https:\/\/shieldnutra.com\/wp-content\/uploads\/Bread-with-Wheat-227x155.jpg 227w, https:\/\/shieldnutra.com\/wp-content\/uploads\/Bread-with-Wheat-393x268.jpg 393w, https:\/\/shieldnutra.com\/wp-content\/uploads\/Bread-with-Wheat-290x198.jpg 290w, https:\/\/shieldnutra.com\/wp-content\/uploads\/Bread-with-Wheat.jpg 455w\" sizes=\"(max-width: 300px) 100vw, 300px\" \/><\/p>\n<p>El gluten es la combinaci\u00f3n de dos prote\u00ednas (glutenina y gliadina) que se encuentran en el trigo, la cebada, el centeno y los granos h\u00edbridos de estos tres.<\/p>\n<p>El gluten es la prote\u00edna responsable de dar al pan y a otros productos de panader\u00eda su estructura, consistencia y textura. Mezclado con agua, el gluten forma el \"pegamento\" que mantiene unido el pan y le da la textura esponjosa y el\u00e1stica que a todos nos gusta.<\/p>\n<p>El gluten es una prote\u00edna vegetal que se encuentra en los granos de los cereales, especialmente en el trigo. Las frutas, las verduras y los alimentos de origen animal, como los productos l\u00e1cteos, la carne, las aves y el pescado, en su estado natural, no contienen gluten, siempre que no se les a\u00f1ada nada, como empanados o salsas. El trigo (que contiene gluten) se utiliza a menudo como relleno barato y fuente de prote\u00ednas, por lo que miles de alimentos procesados suelen contenerlo.<\/p>\n<p>Para saber qu\u00e9 alimentos tienen gluten y cu\u00e1les no, hay que leer un poco las etiquetas. Gracias a la Ley de Etiquetado de Al\u00e9rgenos Alimentarios y Protecci\u00f3n del Consumidor de la FDA, ahora es un poco m\u00e1s f\u00e1cil. Si un alimento que se vende en Estados Unidos contiene gluten (esto incluye los aromatizantes y condimentos), debe declararse en la etiqueta.<\/p>\n<p>El gluten puede encontrarse en muchos lugares que no son tan obvios como los cubitos de caldo, la salsa, los perritos calientes, la salsa de soja, las verduras congeladas en salsa, las patatas fritas y mucho m\u00e1s. Si no le han diagnosticado la enfermedad cel\u00edaca, DigestShield\u00ae puede ser la soluci\u00f3n perfecta para proteger su cuerpo contra la reacci\u00f3n al gluten en su dieta. <span style=\"text-decoration: underline;\">haven\u2019t<\/span> been diagnosed with celiac disease, DigestShield<strong>\u00ae <\/strong>can be the perfect solution to shield your body against reacting to gluten in your diet.<\/p>\n<p><strong>\u00bfQu\u00e9 es la Sensibilidad al Gluten?\u00a0\u00a0<\/strong><\/p>\n<p><a href=\"http:\/\/shieldnutra.com\/wp-content\/uploads\/2015\/11\/Stomach-Ache-683x10241.jpg\"><img decoding=\"async\" class=\"size-medium wp-image-5126 alignleft\" src=\"http:\/\/shieldnutra.com\/wp-content\/uploads\/2015\/11\/Stomach-Ache-683x10241-200x300.jpg\" alt=\"Woman with Stomach Ache \" width=\"200\" height=\"300\" srcset=\"https:\/\/shieldnutra.com\/wp-content\/uploads\/2015\/11\/Stomach-Ache-683x10241-200x300.jpg 200w, https:\/\/shieldnutra.com\/wp-content\/uploads\/2015\/11\/Stomach-Ache-683x10241-400x600.jpg 400w, https:\/\/shieldnutra.com\/wp-content\/uploads\/2015\/11\/Stomach-Ache-683x10241-600x900.jpg 600w, https:\/\/shieldnutra.com\/wp-content\/uploads\/2015\/11\/Stomach-Ache-683x10241-500x750.jpg 500w, https:\/\/shieldnutra.com\/wp-content\/uploads\/2015\/11\/Stomach-Ache-683x10241.jpg 683w\" sizes=\"(max-width: 200px) 100vw, 200px\" \/><\/a>There is a well-documented form of gluten intolerance known as celiac disease which, according the the National Institutes of Health, affects approximately one in every 141 people in the United States. When a person diagnosed with celiac disease consumes gluten, it triggers an adaptive immune response that damages the villi lining the intestines, preventing them from absorbing vital nutrients.(1)<\/p>\n<p>Recientemente, los cient\u00edficos han tomado conciencia de otra forma de intolerancia al gluten denominada <strong>sensibilidad al gluten no cel\u00edaca<\/strong> (SGNC). Despu\u00e9s de consumir gluten, las personas con SGNC pueden experimentar muchos s\u00edntomas similares a los de la enfermedad cel\u00edaca, como hinchaz\u00f3n, diarrea, fatiga, confusi\u00f3n mental, indigesti\u00f3n y dolor en las articulaciones, pero no presentan el cl\u00e1sico da\u00f1o en sus vellosidades intestinales.<\/p>\n<p>Los investigadores creen que la sensibilidad al gluten no cel\u00edaca (SGNC) es mucho m\u00e1s com\u00fan que la enfermedad cel\u00edaca, ya que afecta a unos 18 millones de estadounidenses. (2) Es importante tener en cuenta que s\u00f3lo en los \u00faltimos diez a\u00f1os, m\u00e1s o menos, hemos visto un aumento repentino de la sensibilidad al gluten sin que se vea el final. Esto nos lleva a preguntarnos qu\u00e9 ha cambiado.<\/p>\n<p>Nadie puede decir con certeza cu\u00e1l es la causa, pero una cosa est\u00e1 clara: la gente no parece ser capaz de digerir el gluten y el trigo tan bien como antes. DigestShield\u00ae se cre\u00f3 para abordar los problemas asociados a la digesti\u00f3n del gluten y otros \"malos actores\" de nuestra dieta, como los l\u00e1cteos, la soja, las lectinas y otros.<strong>\u00ae<\/strong> was created to address the problems associated with the digestion of gluten and other \u201cbad actors\u201d in our diet such as dairy, soy, lectins, and more.<\/p>\n<p><strong>\u00bfQu\u00e9 son las Lectinas?\u00a0<\/strong><\/p>\n<p><img decoding=\"async\" class=\"size-medium wp-image-21967 alignleft\" src=\"https:\/\/shieldnutra.com\/wp-content\/uploads\/Lectin-Molecular-300x203.png\" alt=\"\" width=\"300\" height=\"203\" srcset=\"https:\/\/shieldnutra.com\/wp-content\/uploads\/Lectin-Molecular-300x203.png 300w, https:\/\/shieldnutra.com\/wp-content\/uploads\/Lectin-Molecular-18x12.png 18w, https:\/\/shieldnutra.com\/wp-content\/uploads\/Lectin-Molecular-214x145.png 214w, https:\/\/shieldnutra.com\/wp-content\/uploads\/Lectin-Molecular-393x266.png 393w, https:\/\/shieldnutra.com\/wp-content\/uploads\/Lectin-Molecular-290x196.png 290w, https:\/\/shieldnutra.com\/wp-content\/uploads\/Lectin-Molecular.png 429w\" sizes=\"(max-width: 300px) 100vw, 300px\" \/>Hay muchas cosas desagradables en este mundo de las que debemos ser conscientes y cuidadosos. Pueden estar en el aire que respiramos, el agua que bebemos o los alimentos que comemos. Son desagradables porque pueden hacernos enfermar, limitar nuestra vitalidad, robar nuestra inteligencia y acortar nuestra vida. Muchas de las cosas m\u00e1s desagradables que hacen m\u00e1s da\u00f1o son cosas que no podemos ver. Entre las peores est\u00e1n las lectinas.<\/p>\n<p>Las lectinas vegetales se encuentran en aproximadamente el 35% de los alimentos que comemos. Se encuentran en todos los cereales, las legumbres, las frutas de solan\u00e1ceas como la berenjena, los pimientos y los tomates y la \u00fanica verdura de solan\u00e1ceas, la patata. Tambi\u00e9n se encuentran en los frutos secos. Las lectinas que se sospecha que hacen m\u00e1s da\u00f1o a las personas que no las toleran se encuentran en el trigo, la soja, las patatas, los cacahuetes y los l\u00e1cteos.<\/p>\n<p>Algunas lectinas no se ven afectadas por el calor o las enzimas del est\u00f3mago, por lo que pasan libremente al intestino.<\/p>\n<p>Piense en las lectinas como prote\u00ednas que contienen una llave que encaja en un determinado tipo de cerradura. Esta cerradura es un tipo espec\u00edfico de az\u00facar que recubre cada c\u00e9lula, como la capa de caramelo que rodea a los M&amp;M\u00ae. Si una lectina con la llave adecuada entra en contacto con una de estas \"cerraduras\" en una c\u00e9lula epitelial de la pared intestinal, \"abre la cerradura\", es decir, altera la membrana, da\u00f1a la c\u00e9lula y puede iniciar una cascada de acontecimientos inmunitarios que conducen a m\u00e1s da\u00f1os. Esta respuesta inmunitaria puede conducir a la inflamaci\u00f3n y a la muerte celular, lo que a su vez puede crear aperturas para que las lectinas lleguen a nuestro torrente sangu\u00edneo y a nuestros \u00f3rganos (s\u00edndrome del intestino permeable).<\/p>\n<p>Las lectinas pueden ser inactivadas por carbohidratos espec\u00edficos (llamados oligosac\u00e1ridos) que pueden cubrir la \"llave\" e impedir que la prote\u00edna se adhiera al \"candado\" de carbohidratos. El oligosac\u00e1rido chitosan, tambi\u00e9n conocido como n-acetil d-glucosamina, es un az\u00facar que se dirige espec\u00edficamente a la lectina del trigo. (5) Es el <strong>se\u00f1uelo que colocamos<\/strong> en cada c\u00e1psula DigestShield\u00ae<strong>\u00ae<\/strong> y que puede proteger el intestino y las articulaciones contra la inflamaci\u00f3n.<\/p>\n<p>DigestShield<strong>\u00ae<\/strong> contiene el az\u00facar exacto al que les gusta unirse las lectinas del trigo. \u00a1Esto evita que se adhieran a nosotros! <strong>This keeps them from attaching to us!<\/strong><\/p>\n<p><strong>\u00bfQu\u00e9 es el S\u00edndrome del Intestino Permeable?\u00a0<\/strong> El s\u00edndrome del intestino permeable se caracteriza por un aumento de la permeabilidad intestinal o hiperpermeabilidad intestinal. Esto puede ocurrir cuando las uniones estrechas del intestino, que controlan lo que pasa a trav\u00e9s del revestimiento del intestino delgado, se abren.<\/p>\n<p>Este es un proceso muy complejo que puede comenzar cuando la gliadina del trigo interact\u00faa con las c\u00e9lulas epiteliales de la pared intestinal. Ahora se sabe que es el principal activador de una cascada inmunitaria altamente destructiva y que es m\u00e1s peligrosa para las personas que tienen una predisposici\u00f3n gen\u00e9tica a esta reacci\u00f3n.<\/p>\n<\/p>\n<p><\/p>\n<p><strong>\u00bfQu\u00e9 son las Bacterias Intestinales Malas?<\/strong>\u00a0<\/p>\n<p><img loading=\"lazy\" decoding=\"async\" class=\"size-medium wp-image-22023 alignleft\" src=\"https:\/\/shieldnutra.com\/wp-content\/uploads\/helibactor-pylori-300x195.jpg\" alt=\"\" width=\"300\" height=\"195\" srcset=\"https:\/\/shieldnutra.com\/wp-content\/uploads\/helibactor-pylori-300x195.jpg 300w, https:\/\/shieldnutra.com\/wp-content\/uploads\/helibactor-pylori-18x12.jpg 18w, https:\/\/shieldnutra.com\/wp-content\/uploads\/helibactor-pylori-278x180.jpg 278w, https:\/\/shieldnutra.com\/wp-content\/uploads\/helibactor-pylori-393x255.jpg 393w, https:\/\/shieldnutra.com\/wp-content\/uploads\/helibactor-pylori-290x188.jpg 290w, https:\/\/shieldnutra.com\/wp-content\/uploads\/helibactor-pylori-500x325.jpg 500w, https:\/\/shieldnutra.com\/wp-content\/uploads\/helibactor-pylori.jpg 556w\" sizes=\"(max-width: 300px) 100vw, 300px\" \/><\/p>\n<p><\/p>\n<p><div class=\"wp-block-image\"><\/p>\n<figure class=\"alignleft\"><a href=\"http:\/\/shieldnutra.com\/wp-content\/uploads\/2015\/11\/Helibactor-Pylori-1024x10241.jpg\"><img decoding=\"async\" class=\"wp-image-5123\" src=\"http:\/\/shieldnutra.com\/wp-content\/uploads\/2015\/11\/Helibactor-Pylori-1024x10241-300x300.jpg\" alt=\"\" \/><\/a>\n<p>\u00a0<\/p>\n<\/figure>\n<p>There is a large group of various microbes which can be classified as bad bacteria. These include <em>Helicobacter pylori<\/em>, Bacteroides, Peptococcus, Estafilococos, Estreptococos, Bacilos, Clostridios, Enterobacterias, Fuso Bacterias, Eubacterias, Cianobacterias, levaduras como Candida y muchos otros.<\/p>\n<p><\/div><\/p>\n<p><\/p>\n<p><\/p>\n<p><\/p>\n<p>La ciencia conoce hasta ahora unas 1.000 especies distintas de microbios que pueden encontrarse en el intestino.<\/p>\n<p><\/p>\n<p><\/p>\n<p>En una persona sana, su n\u00famero es limitado y est\u00e1 fuertemente controlado por la flora beneficiosa.<\/p>\n<p><\/p>\n<p><\/p>\n<p>Cada uno de estos microbios es capaz de causar diversos problemas de salud si crece de forma descontrolada. Es normal que muchas de estas especies se encuentren en el intestino en ciertas cantidades, pero pueden ser perjudiciales para nuestra salud cuando se sobrepoblan. Las bacterias beneficiosas, o probi\u00f3ticos, mantienen la poblaci\u00f3n de bacterias intestinales malas bajo control.<\/p>\n<p>Image: H. Pylori<\/p>\n<p><strong>References:<\/strong><\/p>\n<ol>\n<li>\n<h6>Hausch, F., Shan, L., Santiago, N., Gray, G., &amp; Khosla, C. (2002). Intestinal digestive resistance of immunodominant gliadin peptides. American Journal Of Physiology \u2013 Gastrointestinal And Liver Physiology, 283(4), G996-G1003<\/h6>\n<\/li>\n<li>\n<h6>Volta U, e. (2013). <i>Non-celiac gluten sensitivity: questions still to be answered despite increasing awareness. &#8211; PubMed &#8211; NCBI <\/i>. <i>Ncbi.nlm.nih.gov<\/i>. Retrieved 2 February 2016, from http:\/\/www.ncbi.nlm.nih.gov\/pubmed\/23934026<\/h6>\n<\/li>\n<li>\n<h6>Sharon, Nathan, and H Lis. Lectins. Dordrecht: Springer, 2007. Print.<\/h6>\n<\/li>\n<li>\n<h6>Hamid R. Masood A. Dietary lectins as disease causing toxicants. Pakistan J of Nutr 2009; 8(3): 293-303<\/h6>\n<\/li>\n<li>\n<h6>Li, X., Tushima, Y., Morimoto, M., Saimoto, H., Okamoto, Y., Minami, S., &amp; Shigemasa, Y. (2000). Biological activity of chitosan\u2013sugar hybrids: specific interaction with lectin . Polymers For Advanced Technologies, 11(4), 176-179<\/h6>\n<\/li>\n<li>\n<h6>A, Fasano. (2011). <i>Leaky gut and autoimmune diseases. &#8211; PubMed &#8211; NCBI <\/i>.<i>Ncbi.nlm.nih.gov<\/i>. Retrieved 2 February 2016, from http:\/\/www.ncbi.nlm.nih.gov\/pubmed\/22109896<\/h6>\n<\/li>\n<li>\n<h6>Brown, S., Cornforth, D., &amp; Mideo, N. (2012). Evolution of virulence in opportunistic pathogens: generalism, plasticity, and control. <i>Trends In Microbiology<\/i>, <i>20<\/i>(7), 336-342. doi:10.1016\/j.tim.2012.04.005<\/h6>\n<\/li>\n<li>\n<h6>Sanders, M., Guarner, F., Guerrant, R., Holt, P., Quigley, E., &amp; Sartor, R. et al. (2013). An update on the use and investigation of probiotics in health and disease. Gut, 62(5), 787-796. doi:10.1136\/gutjnl-2012-30250<\/h6>\n<\/li>\n<li>\n<h6>Canducci et al. Lactobacillus acidophilus effectiveness against H. pylori. Aliment Pharmacol Ther. 2000 Dec;14(12):1625-9.<\/h6>\n<\/li>\n<\/ol>\n<p><a href=\"http:\/\/shieldnutra.com\/es\/producto\/digestshield\/\">\u00a0 \u00a0<strong>Ordene DigestShield\u00ae.<\/strong><\/a><\/p>\n<p><\/p>\t\t\t\t\t\t\t\t<\/div>\n\t\t\t\t<\/div>\n\t\t\t\t\t<\/div>\n\t\t<\/div>\n\t\t\t\t\t<\/div>\n\t\t<\/section>\n\t\t\t\t<\/div>","protected":false},"excerpt":{"rendered":"<p>What are Bad Gut Bacteria?\u00a0 There are around 1,000 various species of microbes known to science so far, which can be found in the gut. (8) In a healthy person, their numbers are limited and are tightly controlled by the beneficial flora. Each of these microbes is capable of causing various health problems if they grow out of control. It is normal for many of these species to be found in the gut in certain quantities but can be damaging to our health when they overpopulate. Beneficial bacteria, or probiotics, keep the population of bad gut bacteria under control. (7-9) Image: H. Pylori References: Hausch, F., Shan, L., Santiago, N., Gray, G., &amp; Khosla, C. (2002). Intestinal digestive resistance of immunodominant gliadin peptides. American Journal Of Physiology \u2013 Gastrointestinal And Liver Physiology, 283(4), G996-G1003 Volta U, e. (2013). Non-celiac gluten sensitivity: questions still to be answered despite increasing awareness. &#8211; PubMed &#8211; NCBI . Ncbi.nlm.nih.gov. Retrieved 2 February 2016, from http:\/\/www.ncbi.nlm.nih.gov\/pubmed\/23934026 Sharon, Nathan, and H Lis. Lectins. Dordrecht: Springer, 2007. Print. Hamid R. Masood A. Dietary lectins as disease causing toxicants. Pakistan J of Nutr 2009; 8(3): 293-303 Li, X., Tushima, Y., Morimoto, M., Saimoto, H., Okamoto, Y., Minami, S., &amp; Shigemasa, Y. (2000). Biological activity of chitosan\u2013sugar hybrids: specific interaction with lectin . Polymers For Advanced Technologies, 11(4), 176-179 A, Fasano. (2011). Leaky gut and autoimmune diseases. &#8211; PubMed &#8211; NCBI .Ncbi.nlm.nih.gov. Retrieved 2 February 2016, from http:\/\/www.ncbi.nlm.nih.gov\/pubmed\/22109896 Brown, S., Cornforth, D., &amp; Mideo, N. (2012). Evolution of virulence in opportunistic pathogens: generalism, plasticity, and control. Trends In Microbiology, 20(7), 336-342. doi:10.1016\/j.tim.2012.04.005 Sanders, M., Guarner, F., Guerrant, R., Holt, P., Quigley, E., &amp; Sartor, R. et al. (2013). An update on the use and investigation of probiotics in health and disease. Gut, 62(5), 787-796. doi:10.1136\/gutjnl-2012-30250 Canducci et al. Lactobacillus acidophilus effectiveness against H. pylori. Aliment Pharmacol Ther. 2000 Dec;14(12):1625-9. \u00a0 \u00a0Order DigestShield\u00ae<\/p>","protected":false},"author":1,"featured_media":0,"parent":0,"menu_order":11,"comment_status":"closed","ping_status":"closed","template":"","meta":{"jetpack_post_was_ever_published":false,"_metasync_otto_title":"Fight Diet Bad Actors with Shield Nutraceuticals Probiotics","_metasync_otto_description":"Shield Nutraceuticals: Learn about bad dietary actors like gluten and sugar that harm health. Discover probiotics to counter these effects today!","_metasync_otto_keywords":"gluten intolerance, celiac disease, non-celiac gluten sensitivity, digestive health, bad dietary components, gut health, lectins, inflammatory response, gluten-free diet, digestive enzymes","_metasync_otto_og_title":"Unmasking Diet","_metasync_otto_og_description":"Uncover hidden diet dangers: gluten, lectins, GMOs, and more!","_metasync_otto_twitter_title":"Stop Diet Disruptors: Try Shield Probiotics! #GutHealth","_metasync_otto_twitter_description":"Avoid harmful diet pitfalls! Learn about gluten, lectins, and more lurking in your food. #HealthyEating #NutritionMatters","rank_math_title":"%title% %sep% %sitename% Probiotics","rank_math_description":"Bad Actors in Our Diet include gluten, lectins, processed food, sugar, phytates, antibiotics in farm-produced meat, hormones, GMOs","_yoast_wpseo_title":"","_yoast_wpseo_metadesc":"Bad Actors in Our Diet include gluten, lectins, processed food, sugar, phytates, antibiotics in farm-produced meat, hormones, GMOs","_aioseo_title":"#post_title #separator_sa #site_title  Probiotics","_aioseo_description":"Bad Actors in Our Diet include gluten, lectins, processed food, sugar, phytates, antibiotics in farm-produced meat, hormones, GMOs","_metasync_seo_title":"","_metasync_seo_desc":"","_metasync_otto_disabled":"","two_page_speed":[],"footnotes":""},"class_list":["post-4532","page","type-page","status-publish","hentry","_wholesalex wsx-wholesalex-product"],"jetpack-related-posts":[],"jetpack_sharing_enabled":true,"_links":{"self":[{"href":"https:\/\/shieldnutra.com\/es\/wp-json\/wp\/v2\/pages\/4532","targetHints":{"allow":["GET"]}}],"collection":[{"href":"https:\/\/shieldnutra.com\/es\/wp-json\/wp\/v2\/pages"}],"about":[{"href":"https:\/\/shieldnutra.com\/es\/wp-json\/wp\/v2\/types\/page"}],"author":[{"embeddable":true,"href":"https:\/\/shieldnutra.com\/es\/wp-json\/wp\/v2\/users\/1"}],"replies":[{"embeddable":true,"href":"https:\/\/shieldnutra.com\/es\/wp-json\/wp\/v2\/comments?post=4532"}],"version-history":[{"count":3,"href":"https:\/\/shieldnutra.com\/es\/wp-json\/wp\/v2\/pages\/4532\/revisions"}],"predecessor-version":[{"id":26733,"href":"https:\/\/shieldnutra.com\/es\/wp-json\/wp\/v2\/pages\/4532\/revisions\/26733"}],"wp:attachment":[{"href":"https:\/\/shieldnutra.com\/es\/wp-json\/wp\/v2\/media?parent=4532"}],"curies":[{"name":"wp","href":"https:\/\/api.w.org\/{rel}","templated":true}]}}