{"id":20659,"date":"2025-05-21T10:46:18","date_gmt":"2025-05-21T14:46:18","guid":{"rendered":"https:\/\/shieldnutra.com\/?page_id=20659"},"modified":"2025-05-22T12:21:20","modified_gmt":"2025-05-22T16:21:20","slug":"reviews","status":"publish","type":"page","link":"https:\/\/shieldnutra.com\/es\/reviews\/","title":{"rendered":"Comentarios"},"content":{"rendered":"<div data-elementor-type=\"wp-page\" data-elementor-id=\"20659\" class=\"elementor elementor-20659\" data-elementor-post-type=\"page\">\n\t\t\t\t<div class=\"elementor-element elementor-element-d969b8f e-flex e-con-boxed default-style wpr-particle-no wpr-jarallax-no wpr-parallax-no wpr-sticky-section-no e-con e-parent\" data-id=\"d969b8f\" data-element_type=\"container\" data-e-type=\"container\" data-settings=\"{&quot;rt_color_sets&quot;:&quot;default-style&quot;}\">\n\t\t\t\t\t<div class=\"e-con-inner\">\n\t\t<div class=\"elementor-element elementor-element-349e40d e-con-full e-flex default-style wpr-particle-no wpr-jarallax-no wpr-parallax-no wpr-sticky-section-no e-con e-child\" data-id=\"349e40d\" data-element_type=\"container\" data-e-type=\"container\" data-settings=\"{&quot;rt_color_sets&quot;:&quot;default-style&quot;}\">\n\t\t<div class=\"elementor-element elementor-element-c308909 e-con-full e-flex default-style wpr-particle-no wpr-jarallax-no wpr-parallax-no wpr-sticky-section-no e-con e-child\" data-id=\"c308909\" data-element_type=\"container\" data-e-type=\"container\" data-settings=\"{&quot;rt_color_sets&quot;:&quot;default-style&quot;}\">\n\t\t\t\t<div class=\"elementor-element elementor-element-a9afc1f elementor-hidden-desktop elementor-hidden-tablet elementor-hidden-mobile elementor-widget elementor-widget-shortcode\" data-id=\"a9afc1f\" data-element_type=\"widget\" data-e-type=\"widget\" data-widget_type=\"shortcode.default\">\n\t\t\t\t<div class=\"elementor-widget-container\">\n\t\t\t\t\t\t\t<div class=\"elementor-shortcode\"><style>.elementor-6823 .elementor-element.elementor-element-1bfeb9cd > .elementor-container > .elementor-column > .elementor-widget-wrap{align-content:center;align-items:center;}.elementor-6823 .elementor-element.elementor-element-1bfeb9cd:not(.elementor-motion-effects-element-type-background), .elementor-6823 .elementor-element.elementor-element-1bfeb9cd > .elementor-motion-effects-container > .elementor-motion-effects-layer{background-color:#f5f5f5;}.elementor-6823 .elementor-element.elementor-element-1bfeb9cd:before{content:\"ORGANIC\";}.elementor-6823 .elementor-element.elementor-element-1bfeb9cd{transition:background 0.3s, border 0.3s, border-radius 0.3s, box-shadow 0.3s;padding:100px 0px 100px 0px;}.elementor-6823 .elementor-element.elementor-element-1bfeb9cd > .elementor-background-overlay{transition:background 0.3s, border-radius 0.3s, opacity 0.3s;}.elementor-6823 .elementor-element.elementor-element-5facd652 .rt-heading{font-size:26px;line-height:1em;}.elementor-6823 .elementor-element.elementor-element-5facd652 > .elementor-widget-container{margin:0px 0px -20px 0px;}.elementor-6823 .elementor-element.elementor-element-2f788bbd .rt-heading{padding:0px 0px 35px 0px;margin:0px 0px 15px 0px;}.elementor-6823 .elementor-element.elementor-element-73a5d1a1{text-align:center;}.elementor-6823 .elementor-element.elementor-element-73a5d1a1 > .elementor-widget-container{padding:0% 20% 0% 20%;}@media(max-width:1024px) and (min-width:768px){.elementor-6823 .elementor-element.elementor-element-41776bbd{width:100%;}}@media(max-width:1024px){.elementor-6823 .elementor-element.elementor-element-1bfeb9cd:before{font-size:120px;}.elementor-6823 .elementor-element.elementor-element-41776bbd > .elementor-element-populated{margin:0px 0px 40px 0px;--e-column-margin-right:0px;--e-column-margin-left:0px;}.elementor-6823 .elementor-element.elementor-element-73a5d1a1 > .elementor-widget-container{padding:0% 10% 0% 10%;}}@media(max-width:767px){.elementor-6823 .elementor-element.elementor-element-1bfeb9cd:before{font-size:30px;}.elementor-6823 .elementor-element.elementor-element-41776bbd{width:100%;}.elementor-6823 .elementor-element.elementor-element-73a5d1a1 > .elementor-widget-container{padding:0% 0% 0% 0%;}}<\/style>\t\t<div data-elementor-type=\"section\" data-elementor-id=\"6823\" class=\"elementor elementor-6823\" data-elementor-post-type=\"elementor_library\">\n\t\t\t\t\t<section class=\"elementor-section elementor-top-section elementor-element elementor-element-1bfeb9cd elementor-section-content-middle rt-background-text elementor-section-boxed elementor-section-height-default elementor-section-height-default default-style wpr-particle-no wpr-jarallax-no wpr-parallax-no wpr-sticky-section-no\" data-id=\"1bfeb9cd\" data-element_type=\"section\" data-e-type=\"section\" data-settings=\"{&quot;background_background&quot;:&quot;classic&quot;,&quot;rt_color_sets&quot;:&quot;default-style&quot;}\">\n\t\t\t\t\t\t<div class=\"elementor-container elementor-column-gap-default\">\n\t\t\t\t\t<div class=\"elementor-column elementor-col-100 elementor-top-column elementor-element elementor-element-41776bbd\" data-id=\"41776bbd\" data-element_type=\"column\" data-e-type=\"column\">\n\t\t\t<div class=\"elementor-widget-wrap elementor-element-populated\">\n\t\t\t\t\t\t<div class=\"elementor-element elementor-element-5facd652 elementor-widget elementor-widget-rt-heading\" data-id=\"5facd652\" data-element_type=\"widget\" data-e-type=\"widget\" data-widget_type=\"rt-heading.default\">\n\t\t\t\t<div class=\"elementor-widget-container\">\n\t\t\t\t\t<div class=\"rt-heading-wrapper text-center\">\n\t\t\t\t\t\t<span class=\"rt-heading secondary-color secondary-font\" >all natural and good for your health<\/span>\n\t\t\t\t\t<\/div>\t\t\t\t<\/div>\n\t\t\t\t<\/div>\n\t\t\t\t<div class=\"elementor-element elementor-element-2f788bbd elementor-widget elementor-widget-rt-heading\" data-id=\"2f788bbd\" data-element_type=\"widget\" data-e-type=\"widget\" data-widget_type=\"rt-heading.default\">\n\t\t\t\t<div class=\"elementor-widget-container\">\n\t\t\t\t\t<div class=\"rt-heading-wrapper style-4\">\n\t\t\t\t\t\t<h2 class=\"rt-heading style-4\" >Handmade Organic Products<svg width=\"95\" height=\"10\" viewbox=\"0 0 95 10\" xmlns=\"http:\/\/www.w3.org\/2000\/svg\"><path d=\"M1 8l11.54-6 11.538 6 11.54-6 11.538 6 11.538-6 11.54 6L81.77 2 94 8\" stroke-width=\"3\" stroke=\"#6CC139\" fill=\"none\" fill-rule=\"evenodd\"\/><\/svg><\/h2>\n\t\t\t\t\t<\/div>\t\t\t\t<\/div>\n\t\t\t\t<\/div>\n\t\t\t\t<div class=\"elementor-element elementor-element-73a5d1a1 elementor-widget elementor-widget-text-editor\" data-id=\"73a5d1a1\" data-element_type=\"widget\" data-e-type=\"widget\" data-widget_type=\"text-editor.default\">\n\t\t\t\t<div class=\"elementor-widget-container\">\n\t\t\t\t\t\t\t\t\t<p>Lorem ipsum dolor sit amet, consectetur adipiscing elit. Proin porttitor nisl nec ex consectetur, quis ornare sem molestie. Sed suscipit sollicitudin nulla tempor congue. Integer sed elementum odio. Quisque ullamcorper quis sapien eget lobortis.<\/p>\t\t\t\t\t\t\t\t<\/div>\n\t\t\t\t<\/div>\n\t\t\t\t\t<\/div>\n\t\t<\/div>\n\t\t\t\t\t<\/div>\n\t\t<\/section>\n\t\t\t\t<\/div>\n\t\t<span class=\"wpr-template-edit-btn\" data-permalink=\"https:\/\/shieldnutra.com\/es\/?elementor_library=section-info-34\">Edit Template<\/span><\/div>\n\t\t\t\t\t\t<\/div>\n\t\t\t\t<\/div>\n\t\t\t\t<\/div>\n\t\t<div class=\"elementor-element elementor-element-4c8f94e e-con-full e-flex default-style wpr-particle-no wpr-jarallax-no wpr-parallax-no wpr-sticky-section-no e-con e-child\" data-id=\"4c8f94e\" data-element_type=\"container\" data-e-type=\"container\" data-settings=\"{&quot;rt_color_sets&quot;:&quot;default-style&quot;}\">\n\t\t\t\t<div class=\"elementor-element elementor-element-93dc612 elementor-widget__width-initial elementor-widget elementor-widget-shortcode\" data-id=\"93dc612\" data-element_type=\"widget\" data-e-type=\"widget\" data-widget_type=\"shortcode.default\">\n\t\t\t\t<div class=\"elementor-widget-container\">\n\t\t\t\t\t\t\t<div class=\"elementor-shortcode\"><div data-wpcr3-content=\"67\"><div class='wpcr3_respond_1' data-ajaxurl='[\"https:||shieldnutra\",\"com|wp-admin|admin-ajax\",\"php?action=wpcr3-ajax\"]' data-on-postid='20659'data-postid='67'><div class=\"wpcr3_respond_2\"><div class=\"wpcr3_div_2\"><table class=\"wpcr3_table_2\"><tbody><tr><td colspan=\"2\"><div class=\"wpcr3_leave_text\">Submit your review<\/div><\/td><\/tr><tr class=\"wpcr3_review_form_text_field\"><td><label for=\"wpcr3_fname\" class=\"comment-field\">Name: <\/label><\/td><td><input maxlength=\"150\" class=\"text-input wpcr3_required\" type=\"text\" id=\"wpcr3_fname\" name=\"wpcr3_fname\" value=\"\" \/><\/td><\/tr><tr class=\"wpcr3_review_form_text_field\"><td><label for=\"wpcr3_femail\" class=\"comment-field\">Email: <\/label><\/td><td><input maxlength=\"150\" class=\"text-input wpcr3_required\" type=\"text\" id=\"wpcr3_femail\" name=\"wpcr3_femail\" value=\"\" \/><\/td><\/tr><tr class=\"wpcr3_review_form_rating_field\"><td><label for=\"id_wpcr3_frating\" class=\"comment-field\">Rating: <\/label><\/td><td><div class=\"wpcr3_rating_stars\"><div class=\"wpcr3_rating_style1\"><div class=\"wpcr3_rating_style1_status\"><div class=\"wpcr3_rating_style1_score\"><div class=\"wpcr3_rating_style1_score1\">1<\/div><div class=\"wpcr3_rating_style1_score2\">2<\/div><div class=\"wpcr3_rating_style1_score3\">3<\/div><div class=\"wpcr3_rating_style1_score4\">4<\/div><div class=\"wpcr3_rating_style1_score5\">5<\/div><\/div><\/div><div class=\"wpcr3_rating_style1_base wpcr3_hide\"><div class=\"wpcr3_rating_style1_average\" style=\"width:0%;\"><\/div><\/div><\/div><\/div><input style=\"display:none;\" type=\"hidden\" class=\"wpcr3_required wpcr3_frating\" id=\"id_wpcr3_frating\"name=\"wpcr3_frating\" \/><\/td><\/tr><tr class=\"wpcr3_review_form_review_field_label\"><td colspan=\"2\"><label for=\"id_wpcr3_ftext\" class=\"comment-field\">Review: <\/label><\/td><\/tr><tr class=\"wpcr3_review_form_review_field_textarea\"><td colspan=\"2\"><textarea class=\"wpcr3_required wpcr3_ftext\" id=\"id_wpcr3_ftext\" name=\"wpcr3_ftext\" rows=\"8\"cols=\"50\"><\/textarea><\/td><\/tr><tr><td colspan=\"2\" class=\"wpcr3_check_confirm\"><div class=\"wpcr3_clear\"><\/div><input type=\"hidden\" name=\"wpcr3_postid\" value=\"67\" \/><input type=\"text\" class=\"wpcr3_fakehide wpcr3_fake_website\" name=\"website\" \/><input type=\"text\" class=\"wpcr3_fakehide wpcr3_fake_url\" name=\"url\" \/><input type=\"checkbox\" class=\"wpcr3_fakehide wpcr3_fconfirm1\" name=\"wpcr3_fconfirm1\" value=\"1\" \/><label><input type=\"checkbox\" name=\"wpcr3_fconfirm2\" class=\"wpcr3_fconfirm2\" value=\"1\" \/>&nbsp; Check this box to confirm you are human.<\/label><input type=\"checkbox\" class=\"wpcr3_fakehide wpcr3_fconfirm3\" name=\"wpcr3_fconfirm3\" checked=\"checked\" value=\"1\" \/><\/td><\/tr><tr><td colspan=\"2\"><div class=\"wpcr3_button_1 wpcr3_submit_btn\">Submit<\/div>&nbsp;&nbsp;&nbsp;&nbsp;&nbsp;<div class=\"wpcr3_button_1 wpcr3_cancel_btn\">Cancel<\/div><\/td><\/tr><\/tbody><\/table><\/div><\/div><div class=\"wpcr3_clear wpcr3_pb5\"><\/div><div class=\"wpcr3_respond_3\"><p><div class=\"wpcr3_button_1 wpcr3_show_btn\">Cree su propia rese\u00f1a<\/div><\/p><\/div><div class=\"wpcr3_dotline\"><\/div><div class=\"wpcr3_reviews_holder\"><div class=\"wpcr3_review_item\"><\/div><\/div><\/div><\/div>\n<\/div>\n\t\t\t\t\t\t<\/div>\n\t\t\t\t<\/div>\n\t\t\t\t<\/div>\n\t\t<div class=\"elementor-element elementor-element-4099fd5 e-con-full e-flex default-style wpr-particle-no wpr-jarallax-no wpr-parallax-no wpr-sticky-section-no e-con e-child\" data-id=\"4099fd5\" data-element_type=\"container\" data-e-type=\"container\" data-settings=\"{&quot;rt_color_sets&quot;:&quot;default-style&quot;}\">\n\t\t\t\t<\/div>\n\t\t\t\t<\/div>\n\t\t\t\t<div class=\"elementor-element elementor-element-ee32ffa elementor-widget elementor-widget-shortcode\" data-id=\"ee32ffa\" data-element_type=\"widget\" data-e-type=\"widget\" data-widget_type=\"shortcode.default\">\n\t\t\t\t<div class=\"elementor-widget-container\">\n\t\t\t\t\t\t\t<div class=\"elementor-shortcode\"><div data-wpcr3-content=\"-1\"><div class='wpcr3_respond_1' data-ajaxurl='[\"https:||shieldnutra\",\"com|wp-admin|admin-ajax\",\"php?action=wpcr3-ajax\"]' data-on-postid='20659'data-postid='-1'><div class=\"wpcr3_reviews_holder\"><div class=\"wpcr3_review_item\"><div class=\"wpcr3_item wpcr3_product\" itemscope itemtype=\"https:\/\/schema.org\/Product\"><meta itemprop=\"name\" content=\"Pure Chitosan\u2122 3000 90ct\" \/><meta itemprop=\"brand\" content=\"Shield Nutraceuticals\" \/><meta itemprop=\"productID\" content=\"198168752142\" \/><meta itemprop=\"image\" content=\"https:\/\/shieldnutra.com\/wp-content\/plugins\/wp-customer-reviews\/css\/1x1.png\" \/><div class=\"wpcr3_dotline\"><\/div><div id=\"wpcr3_id_19712\" class=\"wpcr3_review\" itemprop=\"review\" itemscope itemtype=\"https:\/\/schema.org\/Review\"><div class=\"wpcr3_hide\" itemprop=\"author\" itemscope itemtype=\"https:\/\/schema.org\/Person\"><div itemprop=\"name\">John Roop<\/div><\/div><div class=\"wpcr3_hide\" itemprop=\"reviewRating\" itemscope itemtype=\"https:\/\/schema.org\/Rating\"><meta itemprop=\"bestRating\" content=\"5\" \/><meta itemprop=\"worstRating\" content=\"1\" \/><meta itemprop=\"ratingValue\" content=\"5\" \/><\/div><div class=\"wpcr3_review_ratingValue\"><div class=\"wpcr3_rating_style1\"><div class=\"wpcr3_rating_style1_base\"><div class=\"wpcr3_rating_style1_average\" style=\"width:100%;\"><\/div><\/div><\/div><\/div><div class=\"wpcr3_review_datePublished\" itemprop=\"datePublished\">May 6, 2025<\/div><div class=\"wpcr3_review_author\">&nbsp;by&nbsp;<span class=\"wpcr3_caps\">John Roop<\/span>&nbsp;on&nbsp;<span class=\"wpcr3_item_name\"><a href=\"https:\/\/shieldnutra.com\/es\/producto\/pure-chitosan-3000\/\">Pure Chitosan\u2122 3000 90ct<\/a><\/span><\/div><div class=\"wpcr3_clear\"><\/div><div class=\"wpcr3_clear\"><\/div><blockquote class=\"wpcr3_content\" itemprop=\"reviewBody\"><p>Have been taking Chitosan 3000 for three months. Without changing my diet I have now lost over 3 lbs. I normally take 3 capsules before my largest meal of the day and occasionally before bedtime. Since I\u2019m now only about 5 lbs from my goal weight, I\u2019m not taking as frequently as I would if I needed to lose more weight. I\u2019ve not experienced any negative side effects whatsoever. I would highly recommend Chitosan 3000 to anyone wishing to lose weight and\/or improve digestion.<\/p><\/blockquote><\/div><\/div><\/div><div class=\"wpcr3_review_item\"><div class=\"wpcr3_item wpcr3_product\" itemscope itemtype=\"https:\/\/schema.org\/Product\"><meta itemprop=\"name\" content=\"DigestShield\u00ae\" \/><meta itemprop=\"brand\" content=\"Shield Nutraceuticals\" \/><meta itemprop=\"productID\" content=\"195893968428\" \/><meta itemprop=\"image\" content=\"https:\/\/shieldnutra.com\/wp-content\/plugins\/wp-customer-reviews\/css\/1x1.png\" \/><div class=\"wpcr3_dotline\"><\/div><div id=\"wpcr3_id_20774\" class=\"wpcr3_review\" itemprop=\"review\" itemscope itemtype=\"https:\/\/schema.org\/Review\"><div class=\"wpcr3_hide\" itemprop=\"author\" itemscope itemtype=\"https:\/\/schema.org\/Person\"><div itemprop=\"name\">Lori Bowman<\/div><\/div><div class=\"wpcr3_hide\" itemprop=\"reviewRating\" itemscope itemtype=\"https:\/\/schema.org\/Rating\"><meta itemprop=\"bestRating\" content=\"5\" \/><meta itemprop=\"worstRating\" content=\"1\" \/><meta itemprop=\"ratingValue\" content=\"5\" \/><\/div><div class=\"wpcr3_review_ratingValue\"><div class=\"wpcr3_rating_style1\"><div class=\"wpcr3_rating_style1_base\"><div class=\"wpcr3_rating_style1_average\" style=\"width:100%;\"><\/div><\/div><\/div><\/div><div class=\"wpcr3_review_datePublished\" itemprop=\"datePublished\">Apr 30, 2025<\/div><div class=\"wpcr3_review_author\">&nbsp;by&nbsp;<span class=\"wpcr3_caps\">Lori Bowman<\/span>&nbsp;on&nbsp;<span class=\"wpcr3_item_name\"><a href=\"https:\/\/shieldnutra.com\/es\/producto\/digestshield\/\">DigestShield\u00ae<\/a><\/span><\/div><div class=\"wpcr3_clear\"><\/div><div class=\"wpcr3_clear\"><\/div><blockquote class=\"wpcr3_content\" itemprop=\"reviewBody\"><p>Empec\u00e9 a comer sin gluten, en 2014 cuando me enter\u00e9 de que ten\u00eda Hashimoto. Yo estaba comiendo alrededor de 95% GF pero realmente no cre\u00eda que era sensible al gluten hasta que las vacaciones rodaron alrededor de ese primer a\u00f1o y empec\u00e9 a comer todas las golosinas. Realmente no tengo problemas digestivos como la persona promedio, pero el gluten causa una inflamaci\u00f3n dolorosa en mi cuerpo. Alrededor de 2 semanas en enero me di cuenta de que comer el gluten hab\u00eda hecho que mi cuerpo se sintiera como si hubiera sido atropellado por un cami\u00f3n. Los ganglios linf\u00e1ticos de las axilas se hinchan y duelen, y tambi\u00e9n me pica la piel en parches, sobre todo en el cuero cabelludo.<br \/><br \/>After I started taking DigestShield (it was called Gluten Shield back then) I found I can eat a little gluten here and there and don\u2019t get the achy side effects and the scalp issues are no longer a problem. Now don\u2019t get me wrong I can\u2019t just eat the all the gluten and take a pill, but if I keep my diet mostly GF and take the DigestShield daily \u2013 I can eat an occasional hoagie or slice of cake when I want to and don\u2019t suffer the painful inflammation<\/p><\/blockquote><\/div><\/div><\/div><div class=\"wpcr3_review_item\"><div class=\"wpcr3_item wpcr3_product\" itemscope itemtype=\"https:\/\/schema.org\/Product\"><meta itemprop=\"name\" content=\"DigestShield\u00ae\" \/><meta itemprop=\"brand\" content=\"Shield Nutraceuticals\" \/><meta itemprop=\"productID\" content=\"195893968428\" \/><meta itemprop=\"image\" content=\"https:\/\/shieldnutra.com\/wp-content\/plugins\/wp-customer-reviews\/css\/1x1.png\" \/><div class=\"wpcr3_dotline\"><\/div><div id=\"wpcr3_id_20773\" class=\"wpcr3_review\" itemprop=\"review\" itemscope itemtype=\"https:\/\/schema.org\/Review\"><div class=\"wpcr3_hide\" itemprop=\"author\" itemscope itemtype=\"https:\/\/schema.org\/Person\"><div itemprop=\"name\">Benjamin Ross Curtis<\/div><\/div><div class=\"wpcr3_hide\" itemprop=\"reviewRating\" itemscope itemtype=\"https:\/\/schema.org\/Rating\"><meta itemprop=\"bestRating\" content=\"5\" \/><meta itemprop=\"worstRating\" content=\"1\" \/><meta itemprop=\"ratingValue\" content=\"5\" \/><\/div><div class=\"wpcr3_review_ratingValue\"><div class=\"wpcr3_rating_style1\"><div class=\"wpcr3_rating_style1_base\"><div class=\"wpcr3_rating_style1_average\" style=\"width:100%;\"><\/div><\/div><\/div><\/div><div class=\"wpcr3_review_datePublished\" itemprop=\"datePublished\">Apr 25, 2025<\/div><div class=\"wpcr3_review_author\">&nbsp;by&nbsp;<span class=\"wpcr3_caps\">Benjamin Ross Curtis<\/span>&nbsp;on&nbsp;<span class=\"wpcr3_item_name\"><a href=\"https:\/\/shieldnutra.com\/es\/producto\/digestshield\/\">DigestShield\u00ae<\/a><\/span><\/div><div class=\"wpcr3_clear\"><\/div><div class=\"wpcr3_clear\"><\/div><blockquote class=\"wpcr3_content\" itemprop=\"reviewBody\"><p>No ten\u00eda realmente problemas digestivos antes de empezar a tomar DigestShield. Empec\u00e9 a tomarlo por la mezcla de pre\/probi\u00f3ticos, ya que creo que todo el mundo deber\u00eda tomar un probi\u00f3tico de calidad para la salud general del intestino, ya que la mayor parte del sistema inmunitario se encuentra en el intestino. Tambi\u00e9n me gusta el \u00e1cido f\u00falvico, que es importante para el equilibrio de los minerales y tiene una actividad de fijaci\u00f3n del complemento, lo que ayuda a que el sistema inmunitario funcione de forma \u00f3ptima y disminuye la inflamaci\u00f3n.<\/p><\/blockquote><\/div><\/div><\/div><div class=\"wpcr3_review_item\"><div class=\"wpcr3_item wpcr3_product\" itemscope itemtype=\"https:\/\/schema.org\/Product\"><meta itemprop=\"name\" content=\"DigestShield\u00ae\" \/><meta itemprop=\"brand\" content=\"Shield Nutraceuticals\" \/><meta itemprop=\"productID\" content=\"195893968428\" \/><meta itemprop=\"image\" content=\"https:\/\/shieldnutra.com\/wp-content\/plugins\/wp-customer-reviews\/css\/1x1.png\" \/><div class=\"wpcr3_dotline\"><\/div><div id=\"wpcr3_id_20772\" class=\"wpcr3_review\" itemprop=\"review\" itemscope itemtype=\"https:\/\/schema.org\/Review\"><div class=\"wpcr3_hide\" itemprop=\"author\" itemscope itemtype=\"https:\/\/schema.org\/Person\"><div itemprop=\"name\">GB<\/div><\/div><div class=\"wpcr3_hide\" itemprop=\"reviewRating\" itemscope itemtype=\"https:\/\/schema.org\/Rating\"><meta itemprop=\"bestRating\" content=\"5\" \/><meta itemprop=\"worstRating\" content=\"1\" \/><meta itemprop=\"ratingValue\" content=\"5\" \/><\/div><div class=\"wpcr3_review_ratingValue\"><div class=\"wpcr3_rating_style1\"><div class=\"wpcr3_rating_style1_base\"><div class=\"wpcr3_rating_style1_average\" style=\"width:100%;\"><\/div><\/div><\/div><\/div><div class=\"wpcr3_review_datePublished\" itemprop=\"datePublished\">Mar 29, 2025<\/div><div class=\"wpcr3_review_author\">&nbsp;by&nbsp;<span class=\"wpcr3_caps\">GB<\/span>&nbsp;on&nbsp;<span class=\"wpcr3_item_name\"><a href=\"https:\/\/shieldnutra.com\/es\/producto\/digestshield\/\">DigestShield\u00ae<\/a><\/span><\/div><div class=\"wpcr3_clear\"><\/div><div class=\"wpcr3_clear\"><\/div><blockquote class=\"wpcr3_content\" itemprop=\"reviewBody\"><p>Mi problema era con el gluten o tal vez despu\u00e9s de haber ca\u00eddo en la tentaci\u00f3n con una comida el fin de semana. DigestShield elimin\u00f3 la hinchaz\u00f3n, los calambres y la sensaci\u00f3n de saturaci\u00f3n. Lo tomo todos los d\u00edas, a veces m\u00e1s de una vez al d\u00eda, dependiendo de lo que coma.<\/p><\/blockquote><\/div><\/div><\/div><div class=\"wpcr3_review_item\"><div class=\"wpcr3_item wpcr3_product\" itemscope itemtype=\"https:\/\/schema.org\/Product\"><meta itemprop=\"name\" content=\"DigestShield\u00ae\" \/><meta itemprop=\"brand\" content=\"Shield Nutraceuticals\" \/><meta itemprop=\"productID\" content=\"195893968428\" \/><meta itemprop=\"image\" content=\"https:\/\/shieldnutra.com\/wp-content\/plugins\/wp-customer-reviews\/css\/1x1.png\" \/><div class=\"wpcr3_dotline\"><\/div><div id=\"wpcr3_id_20771\" class=\"wpcr3_review\" itemprop=\"review\" itemscope itemtype=\"https:\/\/schema.org\/Review\"><div class=\"wpcr3_hide\" itemprop=\"author\" itemscope itemtype=\"https:\/\/schema.org\/Person\"><div itemprop=\"name\">Ernie Dickson<\/div><\/div><div class=\"wpcr3_hide\" itemprop=\"reviewRating\" itemscope itemtype=\"https:\/\/schema.org\/Rating\"><meta itemprop=\"bestRating\" content=\"5\" \/><meta itemprop=\"worstRating\" content=\"1\" \/><meta itemprop=\"ratingValue\" content=\"5\" \/><\/div><div class=\"wpcr3_review_ratingValue\"><div class=\"wpcr3_rating_style1\"><div class=\"wpcr3_rating_style1_base\"><div class=\"wpcr3_rating_style1_average\" style=\"width:100%;\"><\/div><\/div><\/div><\/div><div class=\"wpcr3_review_datePublished\" itemprop=\"datePublished\">Mar 7, 2025<\/div><div class=\"wpcr3_review_author\">&nbsp;by&nbsp;<span class=\"wpcr3_caps\">Ernie Dickson<\/span>&nbsp;on&nbsp;<span class=\"wpcr3_item_name\"><a href=\"https:\/\/shieldnutra.com\/es\/producto\/digestshield\/\">DigestShield\u00ae<\/a><\/span><\/div><div class=\"wpcr3_clear\"><\/div><div class=\"wpcr3_clear\"><\/div><blockquote class=\"wpcr3_content\" itemprop=\"reviewBody\"><p>Antes de tomar DigestShield ten\u00eda problemas de indigesti\u00f3n y acidez frecuentes, especialmente la primera hora despu\u00e9s de las comidas.<br \/><br \/>Despu\u00e9s de utilizar Digest Shield con regularidad y a diario, not\u00e9 que esos s\u00edntomas empezaron a mejorar gradualmente, y ahora rara vez tengo problemas de reflujo o indigesti\u00f3n.<br \/><br \/>Recomiendo encarecidamente Digest Shield a cualquier persona que tenga problemas o s\u00edntomas de tipo gastrointestinal, y espero seguir utiliz\u00e1ndolo a diario.<\/p><\/blockquote><\/div><\/div><\/div><\/div><div data-page-opts=\"{&quot;postid&quot;:-1,&quot;num&quot;:5,&quot;paginate&quot;:1,&quot;perpage&quot;:5,&quot;hidecustom&quot;:0,&quot;snippet&quot;:0,&quot;more&quot;:&quot;&quot;,&quot;showform&quot;:0,&quot;hidereviews&quot;:0,&quot;hideresponse&quot;:0,&quot;morelink&quot;:&quot;&quot;,&quot;showsupport&quot;:0,&quot;wrapper&quot;:1,&quot;classes&quot;:&quot;&quot;,&quot;on_postid&quot;:20659,&quot;ajax&quot;:0,&quot;thispage&quot;:1}\" class=\"wpcr3_pagination\"><div class=\"wpcr3_pagination_page\">Page 1 of 3: <\/div><div data-page=\"1\" class=\"wpcr3_a wpcr3_disabled\">&laquo;<\/div>&nbsp;<div data-page=\"1\" class=\"wpcr3_a wpcr3_ls wpcr3_disabled\">&lsaquo;<\/div>&nbsp;<div data-page=\"1\" class=\"wpcr3_a wpcr3_current\">1<\/div><div data-page=\"2\" class=\"wpcr3_a\">2<\/div><div data-page=\"3\" class=\"wpcr3_a\">3<\/div><div data-page=\"2\" class=\"wpcr3_a wpcr3_rs\">&rsaquo;<\/div>&nbsp;<div data-page=\"3\" class=\"wpcr3_a\">&raquo;<\/div>&nbsp;<\/div><div class=\"wpcr3_clear\"><\/div><\/div><\/div><\/div>\n\t\t\t\t\t\t<\/div>\n\t\t\t\t<\/div>\n\t\t\t\t\t<\/div>\n\t\t\t\t<\/div>\n\t\t\t\t<\/div>","protected":false},"excerpt":{"rendered":"","protected":false},"author":562,"featured_media":0,"parent":0,"menu_order":46,"comment_status":"closed","ping_status":"closed","template":"","meta":{"jetpack_post_was_ever_published":false,"_metasync_otto_title":"DigestShield\u00ae Reviews: Shield Nutraceuticals Reviews","_metasync_otto_description":"DigestShield\u00ae Reviews: Explore user reviews of Shield Nutraceuticals","_metasync_otto_keywords":"digestive health, DigestShield\u00ae, digestive supplements, user reviews, customer testimonials, gut health, Shield Nutraceuticals, product effectiveness","_metasync_otto_og_title":"DigestShield\u00ae Reviews: Real User Experiences on Digestion","_metasync_otto_og_description":"Read reviews of DigestShield\u00ae and its digestive health benefits!","_metasync_otto_twitter_title":"Enhance Digestion: Real Reviews on DigestShield\u00ae! #GutHealth","_metasync_otto_twitter_description":"Transform your digestive health with DigestShield\u00ae! Check out real user reviews and experiences. #DigestiveHealth #Wellness","rank_math_title":"","rank_math_description":"","_yoast_wpseo_title":"","_yoast_wpseo_metadesc":"","_aioseo_title":"","_aioseo_description":"","_metasync_seo_title":"","_metasync_seo_desc":"","_metasync_otto_disabled":"","two_page_speed":[],"footnotes":""},"class_list":["post-20659","page","type-page","status-publish","hentry","_wholesalex wsx-wholesalex-product"],"jetpack-related-posts":[],"jetpack_sharing_enabled":true,"_links":{"self":[{"href":"https:\/\/shieldnutra.com\/es\/wp-json\/wp\/v2\/pages\/20659","targetHints":{"allow":["GET"]}}],"collection":[{"href":"https:\/\/shieldnutra.com\/es\/wp-json\/wp\/v2\/pages"}],"about":[{"href":"https:\/\/shieldnutra.com\/es\/wp-json\/wp\/v2\/types\/page"}],"author":[{"embeddable":true,"href":"https:\/\/shieldnutra.com\/es\/wp-json\/wp\/v2\/users\/562"}],"replies":[{"embeddable":true,"href":"https:\/\/shieldnutra.com\/es\/wp-json\/wp\/v2\/comments?post=20659"}],"version-history":[{"count":0,"href":"https:\/\/shieldnutra.com\/es\/wp-json\/wp\/v2\/pages\/20659\/revisions"}],"wp:attachment":[{"href":"https:\/\/shieldnutra.com\/es\/wp-json\/wp\/v2\/media?parent=20659"}],"curies":[{"name":"wp","href":"https:\/\/api.w.org\/{rel}","templated":true}]}}